{"id":2,"date":"2021-04-04T22:46:47","date_gmt":"2021-04-04T22:46:47","guid":{"rendered":"http:\/\/127.0.0.1\/wp\/?page_id=2"},"modified":"2022-10-24T12:27:01","modified_gmt":"2022-10-24T12:27:01","slug":"abogado-alejandro-montero-zamora","status":"publish","type":"page","link":"https:\/\/www.amz-abogado.com\/clon\/","title":{"rendered":"Abogado Alejandro Montero. Abogado extranjer\u00eda Madrid. 609 071 301."},"content":{"rendered":"\n<p>Abogado Alejandro Montero Zamora, Experto en Nacionalidad Espa\u00f1ola y Derecho Penal. Brinda servicios Juridicos a Particulares y Empresas. Experto en tramites consulares, ofrece una atenci\u00f3n especializada en a los asuntos relacionados con la Nacionalidad Espa\u00f1ola, asi como asuntos relacionados con tramites consulares en Cuba, afianzado por su extensa labor a lo largo de los a\u00f1os y su colaboraci\u00f3n con emprendimientos mercantiles CUBA-ESPA\u00d1A.<\/p>\n\n\n\n<blockquote class=\"wp-block-quote\"><p>\u00a1Hola! Soy Alejandro Montero Zamora, especialista en Derecho y perteneciente al Ilustre Colegio de Abogados de Madrid. Te ofrezco mis servicio como Especialista en Derecho para satisfacer tus demandas en asuntos juridicos. <\/p><\/blockquote>\n\n\n\n<p>Todas las actuaciones del despacho, tanto internas como frente a los clientes, se rigen por la&nbsp;<strong>legalidad y la \u00e9tica profesional<\/strong>, con respeto y&nbsp;<strong>protecci\u00f3n<\/strong>&nbsp;ante todo&nbsp;<strong>de los datos de car\u00e1cter personal<\/strong>&nbsp;de nuestros clientes y basados en el m\u00e1s estricto cumplimiento del&nbsp;<strong>secreto profesional<\/strong>, garant\u00eda de seriedad y responsabilidad en nuestro actuar, adaptando nuestros&nbsp;<strong>honorarios profesionales<\/strong>&nbsp;a los <strong>m\u00ednimos<\/strong> establecidos en los Criterios Orientadores de Honorarios Profesionales del Ilustre Colegio de Abogados de Madrid.<\/p>\n\n\n\n<p><\/p>\n","protected":false},"excerpt":{"rendered":"<p> Soy Alejandro Montero Zamora, especialista en Derecho y perteneciente al Ilustre Colegio de Abogados de Madrid. Te ofrezco mis servicio como Especialista en Nacionalidad Espa\u00f1ola.<\/p>\n","protected":false},"author":1,"featured_media":248,"parent":0,"menu_order":0,"comment_status":"closed","ping_status":"closed","template":"","meta":[],"yoast_head":"<!-- This site is optimized with the Yoast SEO plugin v20.4 - https:\/\/yoast.com\/wordpress\/plugins\/seo\/ -->\n<title>Abogado Alejandro Montero. Abogado extranjer\u00eda Madrid. 609 071 301. - Alejandro Montero Zamora Abogado Extranjeria y tramites consulares en Cuba. Madrid.<\/title>\n<meta name=\"description\" content=\"Abogado Alejandro Montero. Experto en Nacionalidad Espa\u00f1ola y Derecho Penal. Tramites consulares en Cuba. Particulares y Empresas. Madrid 609 071 301.\" \/>\n<meta name=\"robots\" content=\"index, follow, max-snippet:-1, max-image-preview:large, max-video-preview:-1\" \/>\n<link rel=\"canonical\" href=\"https:\/\/www.amz-abogado.com\/clon\/\" \/>\n<meta property=\"og:locale\" content=\"es_ES\" \/>\n<meta property=\"og:type\" content=\"article\" \/>\n<meta property=\"og:title\" content=\"Abogado Alejandro Montero. Abogado extranjer\u00eda Madrid. 609 071 301. - Alejandro Montero Zamora Abogado Extranjeria y tramites consulares en Cuba. Madrid.\" \/>\n<meta property=\"og:description\" content=\"Abogado Alejandro Montero. Experto en Nacionalidad Espa\u00f1ola y Derecho Penal. Tramites consulares en Cuba. Particulares y Empresas. Madrid 609 071 301.\" \/>\n<meta property=\"og:url\" content=\"https:\/\/www.amz-abogado.com\/clon\/\" \/>\n<meta property=\"og:site_name\" content=\"Alejandro Montero Zamora\" \/>\n<meta property=\"article:modified_time\" content=\"2022-10-24T12:27:01+00:00\" \/>\n<meta property=\"og:image\" content=\"https:\/\/www.amz-abogado.com\/clon\/wp-content\/uploads\/2021\/05\/premio_foro_europa.jpg\" \/>\n\t<meta property=\"og:image:width\" content=\"1024\" \/>\n\t<meta property=\"og:image:height\" content=\"766\" \/>\n\t<meta property=\"og:image:type\" content=\"image\/jpeg\" \/>\n<meta name=\"twitter:card\" content=\"summary_large_image\" \/>\n<meta name=\"twitter:label1\" content=\"Tiempo de lectura\" \/>\n\t<meta name=\"twitter:data1\" content=\"1 minuto\" \/>\n<script type=\"application\/ld+json\" class=\"yoast-schema-graph\">{\"@context\":\"https:\/\/schema.org\",\"@graph\":[{\"@type\":\"WebPage\",\"@id\":\"https:\/\/www.amz-abogado.com\/clon\/\",\"url\":\"https:\/\/www.amz-abogado.com\/clon\/\",\"name\":\"Abogado Alejandro Montero. Abogado extranjer\u00eda Madrid. 609 071 301. - Alejandro Montero Zamora Abogado Extranjeria y tramites consulares en Cuba. Madrid.\",\"isPartOf\":{\"@id\":\"https:\/\/www.amz-abogado.com\/clon\/#website\"},\"datePublished\":\"2021-04-04T22:46:47+00:00\",\"dateModified\":\"2022-10-24T12:27:01+00:00\",\"description\":\"Abogado Alejandro Montero. Experto en Nacionalidad Espa\u00f1ola y Derecho Penal. Tramites consulares en Cuba. Particulares y Empresas. Madrid 609 071 301.\",\"breadcrumb\":{\"@id\":\"https:\/\/www.amz-abogado.com\/clon\/#breadcrumb\"},\"inLanguage\":\"es\",\"potentialAction\":[{\"@type\":\"ReadAction\",\"target\":[\"https:\/\/www.amz-abogado.com\/clon\/\"]}]},{\"@type\":\"BreadcrumbList\",\"@id\":\"https:\/\/www.amz-abogado.com\/clon\/#breadcrumb\",\"itemListElement\":[{\"@type\":\"ListItem\",\"position\":1,\"name\":\"Portada\",\"item\":\"https:\/\/www.amz-abogado.com\/clon\/\"},{\"@type\":\"ListItem\",\"position\":2,\"name\":\"AMZ Abogado\"}]},{\"@type\":\"WebSite\",\"@id\":\"https:\/\/www.amz-abogado.com\/clon\/#website\",\"url\":\"https:\/\/www.amz-abogado.com\/clon\/\",\"name\":\"Alejandro Montero Zamora\",\"description\":\"Abogado de Extranjer\u00eda Madrid\",\"publisher\":{\"@id\":\"https:\/\/www.amz-abogado.com\/clon\/#organization\"},\"potentialAction\":[{\"@type\":\"SearchAction\",\"target\":{\"@type\":\"EntryPoint\",\"urlTemplate\":\"https:\/\/www.amz-abogado.com\/clon\/?s={search_term_string}\"},\"query-input\":\"required name=search_term_string\"}],\"inLanguage\":\"es\"},{\"@type\":\"Organization\",\"@id\":\"https:\/\/www.amz-abogado.com\/clon\/#organization\",\"name\":\"Alejandro Montero Zamora Abogado\",\"url\":\"https:\/\/www.amz-abogado.com\/clon\/\",\"logo\":{\"@type\":\"ImageObject\",\"inLanguage\":\"es\",\"@id\":\"https:\/\/www.amz-abogado.com\/clon\/#\/schema\/logo\/image\/\",\"url\":\"https:\/\/www.amz-abogado.com\/clon\/wp-content\/uploads\/2021\/11\/cropped-logo-vectorizado-PhotoRoom.png\",\"contentUrl\":\"https:\/\/www.amz-abogado.com\/clon\/wp-content\/uploads\/2021\/11\/cropped-logo-vectorizado-PhotoRoom.png\",\"width\":873,\"height\":484,\"caption\":\"Alejandro Montero Zamora Abogado\"},\"image\":{\"@id\":\"https:\/\/www.amz-abogado.com\/clon\/#\/schema\/logo\/image\/\"}}]}<\/script>\n<!-- \/ Yoast SEO plugin. -->","yoast_head_json":{"title":"Abogado Alejandro Montero. Abogado extranjer\u00eda Madrid. 609 071 301. - Alejandro Montero Zamora Abogado Extranjeria y tramites consulares en Cuba. Madrid.","description":"Abogado Alejandro Montero. Experto en Nacionalidad Espa\u00f1ola y Derecho Penal. Tramites consulares en Cuba. Particulares y Empresas. Madrid 609 071 301.","robots":{"index":"index","follow":"follow","max-snippet":"max-snippet:-1","max-image-preview":"max-image-preview:large","max-video-preview":"max-video-preview:-1"},"canonical":"https:\/\/www.amz-abogado.com\/clon\/","og_locale":"es_ES","og_type":"article","og_title":"Abogado Alejandro Montero. Abogado extranjer\u00eda Madrid. 609 071 301. - Alejandro Montero Zamora Abogado Extranjeria y tramites consulares en Cuba. Madrid.","og_description":"Abogado Alejandro Montero. Experto en Nacionalidad Espa\u00f1ola y Derecho Penal. Tramites consulares en Cuba. Particulares y Empresas. Madrid 609 071 301.","og_url":"https:\/\/www.amz-abogado.com\/clon\/","og_site_name":"Alejandro Montero Zamora","article_modified_time":"2022-10-24T12:27:01+00:00","og_image":[{"width":1024,"height":766,"url":"https:\/\/www.amz-abogado.com\/clon\/wp-content\/uploads\/2021\/05\/premio_foro_europa.jpg","type":"image\/jpeg"}],"twitter_card":"summary_large_image","twitter_misc":{"Tiempo de lectura":"1 minuto"},"schema":{"@context":"https:\/\/schema.org","@graph":[{"@type":"WebPage","@id":"https:\/\/www.amz-abogado.com\/clon\/","url":"https:\/\/www.amz-abogado.com\/clon\/","name":"Abogado Alejandro Montero. Abogado extranjer\u00eda Madrid. 609 071 301. - Alejandro Montero Zamora Abogado Extranjeria y tramites consulares en Cuba. Madrid.","isPartOf":{"@id":"https:\/\/www.amz-abogado.com\/clon\/#website"},"datePublished":"2021-04-04T22:46:47+00:00","dateModified":"2022-10-24T12:27:01+00:00","description":"Abogado Alejandro Montero. Experto en Nacionalidad Espa\u00f1ola y Derecho Penal. Tramites consulares en Cuba. Particulares y Empresas. Madrid 609 071 301.","breadcrumb":{"@id":"https:\/\/www.amz-abogado.com\/clon\/#breadcrumb"},"inLanguage":"es","potentialAction":[{"@type":"ReadAction","target":["https:\/\/www.amz-abogado.com\/clon\/"]}]},{"@type":"BreadcrumbList","@id":"https:\/\/www.amz-abogado.com\/clon\/#breadcrumb","itemListElement":[{"@type":"ListItem","position":1,"name":"Portada","item":"https:\/\/www.amz-abogado.com\/clon\/"},{"@type":"ListItem","position":2,"name":"AMZ Abogado"}]},{"@type":"WebSite","@id":"https:\/\/www.amz-abogado.com\/clon\/#website","url":"https:\/\/www.amz-abogado.com\/clon\/","name":"Alejandro Montero Zamora","description":"Abogado de Extranjer\u00eda Madrid","publisher":{"@id":"https:\/\/www.amz-abogado.com\/clon\/#organization"},"potentialAction":[{"@type":"SearchAction","target":{"@type":"EntryPoint","urlTemplate":"https:\/\/www.amz-abogado.com\/clon\/?s={search_term_string}"},"query-input":"required name=search_term_string"}],"inLanguage":"es"},{"@type":"Organization","@id":"https:\/\/www.amz-abogado.com\/clon\/#organization","name":"Alejandro Montero Zamora Abogado","url":"https:\/\/www.amz-abogado.com\/clon\/","logo":{"@type":"ImageObject","inLanguage":"es","@id":"https:\/\/www.amz-abogado.com\/clon\/#\/schema\/logo\/image\/","url":"https:\/\/www.amz-abogado.com\/clon\/wp-content\/uploads\/2021\/11\/cropped-logo-vectorizado-PhotoRoom.png","contentUrl":"https:\/\/www.amz-abogado.com\/clon\/wp-content\/uploads\/2021\/11\/cropped-logo-vectorizado-PhotoRoom.png","width":873,"height":484,"caption":"Alejandro Montero Zamora Abogado"},"image":{"@id":"https:\/\/www.amz-abogado.com\/clon\/#\/schema\/logo\/image\/"}}]}},"_links":{"self":[{"href":"https:\/\/www.amz-abogado.com\/clon\/wp-json\/wp\/v2\/pages\/2"}],"collection":[{"href":"https:\/\/www.amz-abogado.com\/clon\/wp-json\/wp\/v2\/pages"}],"about":[{"href":"https:\/\/www.amz-abogado.com\/clon\/wp-json\/wp\/v2\/types\/page"}],"author":[{"embeddable":true,"href":"https:\/\/www.amz-abogado.com\/clon\/wp-json\/wp\/v2\/users\/1"}],"replies":[{"embeddable":true,"href":"https:\/\/www.amz-abogado.com\/clon\/wp-json\/wp\/v2\/comments?post=2"}],"version-history":[{"count":6,"href":"https:\/\/www.amz-abogado.com\/clon\/wp-json\/wp\/v2\/pages\/2\/revisions"}],"predecessor-version":[{"id":1320,"href":"https:\/\/www.amz-abogado.com\/clon\/wp-json\/wp\/v2\/pages\/2\/revisions\/1320"}],"wp:featuredmedia":[{"embeddable":true,"href":"https:\/\/www.amz-abogado.com\/clon\/wp-json\/wp\/v2\/media\/248"}],"wp:attachment":[{"href":"https:\/\/www.amz-abogado.com\/clon\/wp-json\/wp\/v2\/media?parent=2"}],"curies":[{"name":"wp","href":"https:\/\/api.w.org\/{rel}","templated":true}]}}