{"id":409,"date":"2021-05-13T21:43:32","date_gmt":"2021-05-13T21:43:32","guid":{"rendered":"https:\/\/www.amz-abogado.com\/clon\/?page_id=409"},"modified":"2022-06-03T22:16:56","modified_gmt":"2022-06-03T22:16:56","slug":"derecho_de_familia","status":"publish","type":"page","link":"https:\/\/www.amz-abogado.com\/clon\/derecho_de_familia\/","title":{"rendered":"DERECHO DE FAMILIA"},"content":{"rendered":"\n<ul class=\"has-medium-font-size\"><li>Separaciones.<\/li><li>Divorcios en Espa\u00f1a y en Cuba.<\/li><li>Liquidaci\u00f3n de Sociedades de Gananciales.<\/li><li>Modificaci\u00f3n de medidas en separaciones o divorcios.<\/li><li>Guarda y custodia de menores.<\/li><li>Reclamaci\u00f3n de alimentos.<\/li><\/ul>\n\n\n\n<p class=\"has-medium-font-size\">En cuanto a su posible ruptura matrimonial, separaci\u00f3n, divorcio o en el establecimiento de <mark style=\"background-color:rgba(0, 0, 0, 0)\" class=\"has-inline-color has-black-color\">medidas paterno-filiales, le aconsejamos que se informe previamente con su Abogado y resuelva sus dudas respecto a la custodia de sus hijos, r\u00e9gimen de visitas a \u00e9stos, pensi\u00f3n de alimentos, uso de la vivienda familiar y sobre la pensi\u00f3n compensatoria que pudiera corresponderle; que no firme ninguna propuesta que le realicen de alg\u00fan Convenio Regulador de estas situaciones o alg\u00fan documento p\u00fablico o privado si no tiene el debido consejo de su letrado; y que tenga a su disposici\u00f3n los originales o fotocopias de todos aquellos documentos de car\u00e1cter econ\u00f3mico o de otro tipo que pudieran hacer valer sus derechos, tales como Declaraciones del I.R.P.F., Contratos de Trabajo, N\u00f3minas, Extractos Bancarios, Declaraciones de Sociedades, Escrituras de Propiedad, Escrituras de Constituci\u00f3n de Hipotecas, Declaraciones de I.V.A., Recibos de Gastos diversos, Certificados de Empadronamiento, Libro de Familia, y otros de inter\u00e9s en su asunto.<\/mark><\/p>\n\n\n\n<div class=\"wp-block-media-text alignwide is-stacked-on-mobile\" style=\"grid-template-columns:15% auto\"><figure class=\"wp-block-media-text__media\"><img decoding=\"async\" loading=\"lazy\" width=\"350\" height=\"161\" src=\"https:\/\/www.amz-abogado.com\/clon\/wp-content\/uploads\/2021\/06\/logo.png\" alt=\"\" class=\"wp-image-641 size-full\" srcset=\"https:\/\/www.amz-abogado.com\/clon\/wp-content\/uploads\/2021\/06\/logo.png 350w, https:\/\/www.amz-abogado.com\/clon\/wp-content\/uploads\/2021\/06\/logo-300x138.png 300w, https:\/\/www.amz-abogado.com\/clon\/wp-content\/uploads\/2021\/06\/logo-130x60.png 130w\" sizes=\"(max-width: 350px) 100vw, 350px\" \/><\/figure><div class=\"wp-block-media-text__content\">\n<p class=\"has-normal-font-size\"><mark style=\"background-color:rgba(0, 0, 0, 0)\" class=\"has-inline-color has-vivid-green-cyan-color\"><strong>Alejandro Montero Zamora<br><sub>Director<\/sub><\/strong><br><em><strong>info@amz-abogado.com<\/strong><\/em><\/mark><\/p>\n<\/div><\/div>\n","protected":false},"excerpt":{"rendered":"<p>En cuanto a su posible ruptura matrimonial, separaci\u00f3n, divorcio o en el establecimiento de medidas paterno-filiales, le aconsejamos que se informe previamente con su Abogado y resuelva sus dudas respecto a la custodia de sus hijos, r\u00e9gimen de visitas a \u00e9stos, pensi\u00f3n de alimentos, uso de la vivienda familiar y sobre la pensi\u00f3n compensatoria que pudiera corresponderle.<\/p>\n","protected":false},"author":1,"featured_media":0,"parent":0,"menu_order":0,"comment_status":"closed","ping_status":"closed","template":"","meta":[],"yoast_head":"<!-- This site is optimized with the Yoast SEO plugin v20.4 - https:\/\/yoast.com\/wordpress\/plugins\/seo\/ -->\n<title>DERECHO DE FAMILIA - Alejandro Montero Zamora<\/title>\n<meta name=\"description\" content=\"Atenci\u00f3n a Derecho Familiar. Resoluciones judiciones de separaci\u00f3n en Cuba Espa\u00f1a, custodia compartidas. Liquidaci\u00f3n de Sociedades de Gananciales.\" \/>\n<meta name=\"robots\" content=\"index, follow, max-snippet:-1, max-image-preview:large, max-video-preview:-1\" \/>\n<link rel=\"canonical\" href=\"https:\/\/www.amz-abogado.com\/clon\/derecho_de_familia\/\" \/>\n<meta property=\"og:locale\" content=\"es_ES\" \/>\n<meta property=\"og:type\" content=\"article\" \/>\n<meta property=\"og:title\" content=\"DERECHO DE FAMILIA - Alejandro Montero Zamora\" \/>\n<meta property=\"og:description\" content=\"Atenci\u00f3n a Derecho Familiar. Resoluciones judiciones de separaci\u00f3n en Cuba Espa\u00f1a, custodia compartidas. Liquidaci\u00f3n de Sociedades de Gananciales.\" \/>\n<meta property=\"og:url\" content=\"https:\/\/www.amz-abogado.com\/clon\/derecho_de_familia\/\" \/>\n<meta property=\"og:site_name\" content=\"Alejandro Montero Zamora\" \/>\n<meta property=\"article:modified_time\" content=\"2022-06-03T22:16:56+00:00\" \/>\n<meta property=\"og:image\" content=\"https:\/\/www.amz-abogado.com\/clon\/wp-content\/uploads\/2021\/06\/logo.png\" \/>\n<meta name=\"twitter:card\" content=\"summary_large_image\" \/>\n<meta name=\"twitter:label1\" content=\"Tiempo de lectura\" \/>\n\t<meta name=\"twitter:data1\" content=\"2 minutos\" \/>\n<script type=\"application\/ld+json\" class=\"yoast-schema-graph\">{\"@context\":\"https:\/\/schema.org\",\"@graph\":[{\"@type\":\"WebPage\",\"@id\":\"https:\/\/www.amz-abogado.com\/clon\/derecho_de_familia\/\",\"url\":\"https:\/\/www.amz-abogado.com\/clon\/derecho_de_familia\/\",\"name\":\"DERECHO DE FAMILIA - Alejandro Montero Zamora\",\"isPartOf\":{\"@id\":\"https:\/\/www.amz-abogado.com\/clon\/#website\"},\"datePublished\":\"2021-05-13T21:43:32+00:00\",\"dateModified\":\"2022-06-03T22:16:56+00:00\",\"description\":\"Atenci\u00f3n a Derecho Familiar. Resoluciones judiciones de separaci\u00f3n en Cuba Espa\u00f1a, custodia compartidas. Liquidaci\u00f3n de Sociedades de Gananciales.\",\"breadcrumb\":{\"@id\":\"https:\/\/www.amz-abogado.com\/clon\/derecho_de_familia\/#breadcrumb\"},\"inLanguage\":\"es\",\"potentialAction\":[{\"@type\":\"ReadAction\",\"target\":[\"https:\/\/www.amz-abogado.com\/clon\/derecho_de_familia\/\"]}]},{\"@type\":\"BreadcrumbList\",\"@id\":\"https:\/\/www.amz-abogado.com\/clon\/derecho_de_familia\/#breadcrumb\",\"itemListElement\":[{\"@type\":\"ListItem\",\"position\":1,\"name\":\"Portada\",\"item\":\"https:\/\/www.amz-abogado.com\/clon\/\"},{\"@type\":\"ListItem\",\"position\":2,\"name\":\"Derecho Familiar.\"}]},{\"@type\":\"WebSite\",\"@id\":\"https:\/\/www.amz-abogado.com\/clon\/#website\",\"url\":\"https:\/\/www.amz-abogado.com\/clon\/\",\"name\":\"Alejandro Montero Zamora\",\"description\":\"Abogado de Extranjer\u00eda Madrid\",\"publisher\":{\"@id\":\"https:\/\/www.amz-abogado.com\/clon\/#organization\"},\"potentialAction\":[{\"@type\":\"SearchAction\",\"target\":{\"@type\":\"EntryPoint\",\"urlTemplate\":\"https:\/\/www.amz-abogado.com\/clon\/?s={search_term_string}\"},\"query-input\":\"required name=search_term_string\"}],\"inLanguage\":\"es\"},{\"@type\":\"Organization\",\"@id\":\"https:\/\/www.amz-abogado.com\/clon\/#organization\",\"name\":\"Alejandro Montero Zamora Abogado\",\"url\":\"https:\/\/www.amz-abogado.com\/clon\/\",\"logo\":{\"@type\":\"ImageObject\",\"inLanguage\":\"es\",\"@id\":\"https:\/\/www.amz-abogado.com\/clon\/#\/schema\/logo\/image\/\",\"url\":\"https:\/\/www.amz-abogado.com\/clon\/wp-content\/uploads\/2021\/11\/cropped-logo-vectorizado-PhotoRoom.png\",\"contentUrl\":\"https:\/\/www.amz-abogado.com\/clon\/wp-content\/uploads\/2021\/11\/cropped-logo-vectorizado-PhotoRoom.png\",\"width\":873,\"height\":484,\"caption\":\"Alejandro Montero Zamora Abogado\"},\"image\":{\"@id\":\"https:\/\/www.amz-abogado.com\/clon\/#\/schema\/logo\/image\/\"}}]}<\/script>\n<!-- \/ Yoast SEO plugin. -->","yoast_head_json":{"title":"DERECHO DE FAMILIA - Alejandro Montero Zamora","description":"Atenci\u00f3n a Derecho Familiar. Resoluciones judiciones de separaci\u00f3n en Cuba Espa\u00f1a, custodia compartidas. Liquidaci\u00f3n de Sociedades de Gananciales.","robots":{"index":"index","follow":"follow","max-snippet":"max-snippet:-1","max-image-preview":"max-image-preview:large","max-video-preview":"max-video-preview:-1"},"canonical":"https:\/\/www.amz-abogado.com\/clon\/derecho_de_familia\/","og_locale":"es_ES","og_type":"article","og_title":"DERECHO DE FAMILIA - Alejandro Montero Zamora","og_description":"Atenci\u00f3n a Derecho Familiar. Resoluciones judiciones de separaci\u00f3n en Cuba Espa\u00f1a, custodia compartidas. Liquidaci\u00f3n de Sociedades de Gananciales.","og_url":"https:\/\/www.amz-abogado.com\/clon\/derecho_de_familia\/","og_site_name":"Alejandro Montero Zamora","article_modified_time":"2022-06-03T22:16:56+00:00","og_image":[{"url":"https:\/\/www.amz-abogado.com\/clon\/wp-content\/uploads\/2021\/06\/logo.png"}],"twitter_card":"summary_large_image","twitter_misc":{"Tiempo de lectura":"2 minutos"},"schema":{"@context":"https:\/\/schema.org","@graph":[{"@type":"WebPage","@id":"https:\/\/www.amz-abogado.com\/clon\/derecho_de_familia\/","url":"https:\/\/www.amz-abogado.com\/clon\/derecho_de_familia\/","name":"DERECHO DE FAMILIA - Alejandro Montero Zamora","isPartOf":{"@id":"https:\/\/www.amz-abogado.com\/clon\/#website"},"datePublished":"2021-05-13T21:43:32+00:00","dateModified":"2022-06-03T22:16:56+00:00","description":"Atenci\u00f3n a Derecho Familiar. Resoluciones judiciones de separaci\u00f3n en Cuba Espa\u00f1a, custodia compartidas. Liquidaci\u00f3n de Sociedades de Gananciales.","breadcrumb":{"@id":"https:\/\/www.amz-abogado.com\/clon\/derecho_de_familia\/#breadcrumb"},"inLanguage":"es","potentialAction":[{"@type":"ReadAction","target":["https:\/\/www.amz-abogado.com\/clon\/derecho_de_familia\/"]}]},{"@type":"BreadcrumbList","@id":"https:\/\/www.amz-abogado.com\/clon\/derecho_de_familia\/#breadcrumb","itemListElement":[{"@type":"ListItem","position":1,"name":"Portada","item":"https:\/\/www.amz-abogado.com\/clon\/"},{"@type":"ListItem","position":2,"name":"Derecho Familiar."}]},{"@type":"WebSite","@id":"https:\/\/www.amz-abogado.com\/clon\/#website","url":"https:\/\/www.amz-abogado.com\/clon\/","name":"Alejandro Montero Zamora","description":"Abogado de Extranjer\u00eda Madrid","publisher":{"@id":"https:\/\/www.amz-abogado.com\/clon\/#organization"},"potentialAction":[{"@type":"SearchAction","target":{"@type":"EntryPoint","urlTemplate":"https:\/\/www.amz-abogado.com\/clon\/?s={search_term_string}"},"query-input":"required name=search_term_string"}],"inLanguage":"es"},{"@type":"Organization","@id":"https:\/\/www.amz-abogado.com\/clon\/#organization","name":"Alejandro Montero Zamora Abogado","url":"https:\/\/www.amz-abogado.com\/clon\/","logo":{"@type":"ImageObject","inLanguage":"es","@id":"https:\/\/www.amz-abogado.com\/clon\/#\/schema\/logo\/image\/","url":"https:\/\/www.amz-abogado.com\/clon\/wp-content\/uploads\/2021\/11\/cropped-logo-vectorizado-PhotoRoom.png","contentUrl":"https:\/\/www.amz-abogado.com\/clon\/wp-content\/uploads\/2021\/11\/cropped-logo-vectorizado-PhotoRoom.png","width":873,"height":484,"caption":"Alejandro Montero Zamora Abogado"},"image":{"@id":"https:\/\/www.amz-abogado.com\/clon\/#\/schema\/logo\/image\/"}}]}},"_links":{"self":[{"href":"https:\/\/www.amz-abogado.com\/clon\/wp-json\/wp\/v2\/pages\/409"}],"collection":[{"href":"https:\/\/www.amz-abogado.com\/clon\/wp-json\/wp\/v2\/pages"}],"about":[{"href":"https:\/\/www.amz-abogado.com\/clon\/wp-json\/wp\/v2\/types\/page"}],"author":[{"embeddable":true,"href":"https:\/\/www.amz-abogado.com\/clon\/wp-json\/wp\/v2\/users\/1"}],"replies":[{"embeddable":true,"href":"https:\/\/www.amz-abogado.com\/clon\/wp-json\/wp\/v2\/comments?post=409"}],"version-history":[{"count":9,"href":"https:\/\/www.amz-abogado.com\/clon\/wp-json\/wp\/v2\/pages\/409\/revisions"}],"predecessor-version":[{"id":1299,"href":"https:\/\/www.amz-abogado.com\/clon\/wp-json\/wp\/v2\/pages\/409\/revisions\/1299"}],"wp:attachment":[{"href":"https:\/\/www.amz-abogado.com\/clon\/wp-json\/wp\/v2\/media?parent=409"}],"curies":[{"name":"wp","href":"https:\/\/api.w.org\/{rel}","templated":true}]}}