{"id":749,"date":"2021-11-24T13:58:46","date_gmt":"2021-11-24T13:58:46","guid":{"rendered":"https:\/\/www.amz-abogado.com\/clon\/?page_id=749"},"modified":"2022-11-04T21:20:07","modified_gmt":"2022-11-04T21:20:07","slug":"nacionalidad-espanola","status":"publish","type":"page","link":"https:\/\/www.amz-abogado.com\/clon\/nacionalidad-espanola\/","title":{"rendered":"NACIONALIDAD ESPA\u00d1OLA"},"content":{"rendered":"\n<ul class=\"has-medium-font-size\">\n<li>Procesos de solicitudes de la nacionalidad espa\u00f1ola por la \u00ab<a href=\"https:\/\/www.boe.es\/buscar\/act.php?id=BOE-A-2022-17470\" target=\"_blank\" rel=\"noreferrer noopener\">Ley de Memoria Democr\u00e1tica<\/a>\u00ab, llamada tambien \u00abLey de Nietos\u00bb. Ayudamos a las personas que tengan el derecho a acojerse a esta variante de Nacionalidad y que necesita de determinados tramites en el proceso de dicha solicitud encargandonos de toda las gestiones. <\/li>\n\n\n\n<li><a href=\"https:\/\/www.mjusticia.gob.es\/es\/ciudadania\/nacionalidad\/que-es-nacionalidad\/como-adquiere-nacionalidad\/residencia\" target=\"_blank\" rel=\"noreferrer noopener\">Solicitudes de la nacionalidad espa\u00f1ola por residencia legal<\/a> (por residencia de la persona en Espa\u00f1a durante diez a\u00f1os, cinco, dos o un a\u00f1o, dependiendo de cada caso) de forma legal, continuada e inmediatamente anterior a la petici\u00f3n, y de todos los documentos necesarios para su presentaci\u00f3n, inscripci\u00f3n en los ex\u00e1menes de Conocimientos CCSE y DELE o solicitud de dispensa de la realizaci\u00f3n del examen CCSE, presentaci\u00f3n de la solicitud ante el Ministerio de Justicia, seguimiento del expediente desde su presentaci\u00f3n y hasta su concesi\u00f3n, respuestas a los requerimientos del Ministerio de Justicia si es necesario, y tr\u00e1mites de la jura de la nacionalidad hasta la concesi\u00f3n del DNI y Pasaporte espa\u00f1ol en la Comisar\u00eda de la Polic\u00eda Nacional correspondiente.<\/li>\n\n\n\n<li>Interposici\u00f3n del Recurso Contencioso-Administrativo ante la Audiencia Nacional si no se ha resuelto la nacionalidad espa\u00f1ola en el plazo de un a\u00f1o o si \u00e9sta se ha denegado indebidamente.<\/li>\n\n\n\n<li><a><\/a> Solicitud de nacionalidad espa\u00f1ola para menores de edad.<\/li>\n\n\n\n<li><a href=\"https:\/\/www.mjusticia.gob.es\/es\/ciudadania\/nacionalidad\/que-es-nacionalidad\/como-adquiere-nacionalidad\/espanoles-origen\" target=\"_blank\" rel=\"noreferrer noopener\">Solicitudes de nacionalidad espa\u00f1ola de origen<\/a> para espa\u00f1oles nacidos en el extranjero de padre o madre espa\u00f1ola; para los nacidos en Espa\u00f1a cuando sean hijos de padres extranjeros si, al menos uno de los padres, ha nacido en Espa\u00f1a (se except\u00faan los hijos de diplom\u00e1ticos) ; para los nacidos en Espa\u00f1a de padres extranjeros, si ambos carecen de nacionalidad (ap\u00e1tridas), o si la legislaci\u00f3n de ninguno de ellos atribuye al hijo una nacionalidad; para los ni\u00f1os nacidos en Espa\u00f1a de cuyos padres se desconoce la identidad, al presumirse que son nacidos en Espa\u00f1a los menores cuyo primer lugar de estancia conocido sea el territorio espa\u00f1ol; para los menores de 18 a\u00f1os que sean adoptados por un espa\u00f1ol.<\/li>\n\n\n\n<li><a href=\"https:\/\/www.mjusticia.gob.es\/es\/ciudadania\/nacionalidad\/que-es-nacionalidad\/como-adquiere-nacionalidad\/opcion\" target=\"_blank\" rel=\"noreferrer noopener\">Solicitudes de nacionalidad espa\u00f1ola por opci\u00f3n<\/a> para aquellas personas que est\u00e9n o hayan estado sujetos a la patria potestad de un espa\u00f1ol; para los que cuyo padre o madre hubiera sido espa\u00f1ol y hubiera nacido en Espa\u00f1a; para los que la determinaci\u00f3n de la filiaci\u00f3n (la determinaci\u00f3n de la filiaci\u00f3n significa establecer qui\u00e9nes son los padres de una persona) o nacimiento en Espa\u00f1a se produzca despu\u00e9s de los dieciocho a\u00f1os de edad; y para aquellas personas cuya adopci\u00f3n por espa\u00f1oles se produzca despu\u00e9s de los dieciocho a\u00f1os de edad.<\/li>\n\n\n\n<li><a href=\"https:\/\/www.mjusticia.gob.es\/es\/ciudadania\/nacionalidad\/que-es-nacionalidad\/como-adquiere-nacionalidad\/posesion-estado\" target=\"_blank\" rel=\"noreferrer noopener\">Solicitudes de nacionalidad espa\u00f1ola por posesi\u00f3n de estado<\/a> y por carta de naturaleza.<\/li>\n<\/ul>\n\n\n\n<p class=\"has-medium-font-size\"><\/p>\n\n\n\n<div class=\"wp-block-media-text alignwide is-stacked-on-mobile\" style=\"grid-template-columns:15% auto\"><figure class=\"wp-block-media-text__media\"><img decoding=\"async\" loading=\"lazy\" width=\"350\" height=\"161\" src=\"https:\/\/www.amz-abogado.com\/clon\/wp-content\/uploads\/2021\/06\/logo.png\" alt=\"\" class=\"wp-image-641 size-full\" srcset=\"https:\/\/www.amz-abogado.com\/clon\/wp-content\/uploads\/2021\/06\/logo.png 350w, https:\/\/www.amz-abogado.com\/clon\/wp-content\/uploads\/2021\/06\/logo-300x138.png 300w, https:\/\/www.amz-abogado.com\/clon\/wp-content\/uploads\/2021\/06\/logo-130x60.png 130w\" sizes=\"(max-width: 350px) 100vw, 350px\" \/><\/figure><div class=\"wp-block-media-text__content\">\n<p class=\"has-normal-font-size\"><mark style=\"background-color:rgba(0, 0, 0, 0)\" class=\"has-inline-color has-vivid-green-cyan-color\"><strong>Alejandro Montero Zamora<br><sub>Director<\/sub><\/strong><br><em>info@amz-abogado.com<\/em><\/mark><\/p>\n<\/div><\/div>\n","protected":false},"excerpt":{"rendered":"<p>Alejandro Montero ZamoraDirectorinfo@amz-abogado.com<\/p>\n","protected":false},"author":1,"featured_media":0,"parent":0,"menu_order":0,"comment_status":"closed","ping_status":"closed","template":"","meta":[],"yoast_head":"<!-- This site is optimized with the Yoast SEO plugin v20.4 - https:\/\/yoast.com\/wordpress\/plugins\/seo\/ -->\n<title>NACIONALIDAD ESPA\u00d1OLA - Alejandro Montero Zamora<\/title>\n<meta name=\"description\" content=\"Abogado experto en Nacionalidad Espa\u00f1ola en Madrid.\" \/>\n<meta name=\"robots\" content=\"index, follow, max-snippet:-1, max-image-preview:large, max-video-preview:-1\" \/>\n<link rel=\"canonical\" href=\"https:\/\/www.amz-abogado.com\/clon\/nacionalidad-espanola\/\" \/>\n<meta property=\"og:locale\" content=\"es_ES\" \/>\n<meta property=\"og:type\" content=\"article\" \/>\n<meta property=\"og:title\" content=\"NACIONALIDAD ESPA\u00d1OLA - Alejandro Montero Zamora\" \/>\n<meta property=\"og:description\" content=\"Abogado experto en Nacionalidad Espa\u00f1ola en Madrid.\" \/>\n<meta property=\"og:url\" content=\"https:\/\/www.amz-abogado.com\/clon\/nacionalidad-espanola\/\" \/>\n<meta property=\"og:site_name\" content=\"Alejandro Montero Zamora\" \/>\n<meta property=\"article:modified_time\" content=\"2022-11-04T21:20:07+00:00\" \/>\n<meta property=\"og:image\" content=\"https:\/\/www.amz-abogado.com\/clon\/wp-content\/uploads\/2021\/06\/logo.png\" \/>\n<meta name=\"twitter:card\" content=\"summary_large_image\" \/>\n<meta name=\"twitter:label1\" content=\"Tiempo de lectura\" \/>\n\t<meta name=\"twitter:data1\" content=\"2 minutos\" \/>\n<script type=\"application\/ld+json\" class=\"yoast-schema-graph\">{\"@context\":\"https:\/\/schema.org\",\"@graph\":[{\"@type\":\"WebPage\",\"@id\":\"https:\/\/www.amz-abogado.com\/clon\/nacionalidad-espanola\/\",\"url\":\"https:\/\/www.amz-abogado.com\/clon\/nacionalidad-espanola\/\",\"name\":\"NACIONALIDAD ESPA\u00d1OLA - Alejandro Montero Zamora\",\"isPartOf\":{\"@id\":\"https:\/\/www.amz-abogado.com\/clon\/#website\"},\"datePublished\":\"2021-11-24T13:58:46+00:00\",\"dateModified\":\"2022-11-04T21:20:07+00:00\",\"description\":\"Abogado experto en Nacionalidad Espa\u00f1ola en Madrid.\",\"breadcrumb\":{\"@id\":\"https:\/\/www.amz-abogado.com\/clon\/nacionalidad-espanola\/#breadcrumb\"},\"inLanguage\":\"es\",\"potentialAction\":[{\"@type\":\"ReadAction\",\"target\":[\"https:\/\/www.amz-abogado.com\/clon\/nacionalidad-espanola\/\"]}]},{\"@type\":\"BreadcrumbList\",\"@id\":\"https:\/\/www.amz-abogado.com\/clon\/nacionalidad-espanola\/#breadcrumb\",\"itemListElement\":[{\"@type\":\"ListItem\",\"position\":1,\"name\":\"Portada\",\"item\":\"https:\/\/www.amz-abogado.com\/clon\/\"},{\"@type\":\"ListItem\",\"position\":2,\"name\":\"NACIONALIDAD ESPA\u00d1OLA\"}]},{\"@type\":\"WebSite\",\"@id\":\"https:\/\/www.amz-abogado.com\/clon\/#website\",\"url\":\"https:\/\/www.amz-abogado.com\/clon\/\",\"name\":\"Alejandro Montero Zamora\",\"description\":\"Abogado de Extranjer\u00eda Madrid\",\"publisher\":{\"@id\":\"https:\/\/www.amz-abogado.com\/clon\/#organization\"},\"potentialAction\":[{\"@type\":\"SearchAction\",\"target\":{\"@type\":\"EntryPoint\",\"urlTemplate\":\"https:\/\/www.amz-abogado.com\/clon\/?s={search_term_string}\"},\"query-input\":\"required name=search_term_string\"}],\"inLanguage\":\"es\"},{\"@type\":\"Organization\",\"@id\":\"https:\/\/www.amz-abogado.com\/clon\/#organization\",\"name\":\"Alejandro Montero Zamora Abogado\",\"url\":\"https:\/\/www.amz-abogado.com\/clon\/\",\"logo\":{\"@type\":\"ImageObject\",\"inLanguage\":\"es\",\"@id\":\"https:\/\/www.amz-abogado.com\/clon\/#\/schema\/logo\/image\/\",\"url\":\"https:\/\/www.amz-abogado.com\/clon\/wp-content\/uploads\/2021\/11\/cropped-logo-vectorizado-PhotoRoom.png\",\"contentUrl\":\"https:\/\/www.amz-abogado.com\/clon\/wp-content\/uploads\/2021\/11\/cropped-logo-vectorizado-PhotoRoom.png\",\"width\":873,\"height\":484,\"caption\":\"Alejandro Montero Zamora Abogado\"},\"image\":{\"@id\":\"https:\/\/www.amz-abogado.com\/clon\/#\/schema\/logo\/image\/\"}}]}<\/script>\n<!-- \/ Yoast SEO plugin. -->","yoast_head_json":{"title":"NACIONALIDAD ESPA\u00d1OLA - Alejandro Montero Zamora","description":"Abogado experto en Nacionalidad Espa\u00f1ola en Madrid.","robots":{"index":"index","follow":"follow","max-snippet":"max-snippet:-1","max-image-preview":"max-image-preview:large","max-video-preview":"max-video-preview:-1"},"canonical":"https:\/\/www.amz-abogado.com\/clon\/nacionalidad-espanola\/","og_locale":"es_ES","og_type":"article","og_title":"NACIONALIDAD ESPA\u00d1OLA - Alejandro Montero Zamora","og_description":"Abogado experto en Nacionalidad Espa\u00f1ola en Madrid.","og_url":"https:\/\/www.amz-abogado.com\/clon\/nacionalidad-espanola\/","og_site_name":"Alejandro Montero Zamora","article_modified_time":"2022-11-04T21:20:07+00:00","og_image":[{"url":"https:\/\/www.amz-abogado.com\/clon\/wp-content\/uploads\/2021\/06\/logo.png"}],"twitter_card":"summary_large_image","twitter_misc":{"Tiempo de lectura":"2 minutos"},"schema":{"@context":"https:\/\/schema.org","@graph":[{"@type":"WebPage","@id":"https:\/\/www.amz-abogado.com\/clon\/nacionalidad-espanola\/","url":"https:\/\/www.amz-abogado.com\/clon\/nacionalidad-espanola\/","name":"NACIONALIDAD ESPA\u00d1OLA - Alejandro Montero Zamora","isPartOf":{"@id":"https:\/\/www.amz-abogado.com\/clon\/#website"},"datePublished":"2021-11-24T13:58:46+00:00","dateModified":"2022-11-04T21:20:07+00:00","description":"Abogado experto en Nacionalidad Espa\u00f1ola en Madrid.","breadcrumb":{"@id":"https:\/\/www.amz-abogado.com\/clon\/nacionalidad-espanola\/#breadcrumb"},"inLanguage":"es","potentialAction":[{"@type":"ReadAction","target":["https:\/\/www.amz-abogado.com\/clon\/nacionalidad-espanola\/"]}]},{"@type":"BreadcrumbList","@id":"https:\/\/www.amz-abogado.com\/clon\/nacionalidad-espanola\/#breadcrumb","itemListElement":[{"@type":"ListItem","position":1,"name":"Portada","item":"https:\/\/www.amz-abogado.com\/clon\/"},{"@type":"ListItem","position":2,"name":"NACIONALIDAD ESPA\u00d1OLA"}]},{"@type":"WebSite","@id":"https:\/\/www.amz-abogado.com\/clon\/#website","url":"https:\/\/www.amz-abogado.com\/clon\/","name":"Alejandro Montero Zamora","description":"Abogado de Extranjer\u00eda Madrid","publisher":{"@id":"https:\/\/www.amz-abogado.com\/clon\/#organization"},"potentialAction":[{"@type":"SearchAction","target":{"@type":"EntryPoint","urlTemplate":"https:\/\/www.amz-abogado.com\/clon\/?s={search_term_string}"},"query-input":"required name=search_term_string"}],"inLanguage":"es"},{"@type":"Organization","@id":"https:\/\/www.amz-abogado.com\/clon\/#organization","name":"Alejandro Montero Zamora Abogado","url":"https:\/\/www.amz-abogado.com\/clon\/","logo":{"@type":"ImageObject","inLanguage":"es","@id":"https:\/\/www.amz-abogado.com\/clon\/#\/schema\/logo\/image\/","url":"https:\/\/www.amz-abogado.com\/clon\/wp-content\/uploads\/2021\/11\/cropped-logo-vectorizado-PhotoRoom.png","contentUrl":"https:\/\/www.amz-abogado.com\/clon\/wp-content\/uploads\/2021\/11\/cropped-logo-vectorizado-PhotoRoom.png","width":873,"height":484,"caption":"Alejandro Montero Zamora Abogado"},"image":{"@id":"https:\/\/www.amz-abogado.com\/clon\/#\/schema\/logo\/image\/"}}]}},"_links":{"self":[{"href":"https:\/\/www.amz-abogado.com\/clon\/wp-json\/wp\/v2\/pages\/749"}],"collection":[{"href":"https:\/\/www.amz-abogado.com\/clon\/wp-json\/wp\/v2\/pages"}],"about":[{"href":"https:\/\/www.amz-abogado.com\/clon\/wp-json\/wp\/v2\/types\/page"}],"author":[{"embeddable":true,"href":"https:\/\/www.amz-abogado.com\/clon\/wp-json\/wp\/v2\/users\/1"}],"replies":[{"embeddable":true,"href":"https:\/\/www.amz-abogado.com\/clon\/wp-json\/wp\/v2\/comments?post=749"}],"version-history":[{"count":9,"href":"https:\/\/www.amz-abogado.com\/clon\/wp-json\/wp\/v2\/pages\/749\/revisions"}],"predecessor-version":[{"id":1327,"href":"https:\/\/www.amz-abogado.com\/clon\/wp-json\/wp\/v2\/pages\/749\/revisions\/1327"}],"wp:attachment":[{"href":"https:\/\/www.amz-abogado.com\/clon\/wp-json\/wp\/v2\/media?parent=749"}],"curies":[{"name":"wp","href":"https:\/\/api.w.org\/{rel}","templated":true}]}}